{"id":2282,"date":"2017-05-16T08:51:37","date_gmt":"2017-05-16T08:51:37","guid":{"rendered":"http:\/\/www.projet-decroissance.net\/?page_id=2282"},"modified":"2018-02-12T12:12:40","modified_gmt":"2018-02-12T12:12:40","slug":"association-redt","status":"publish","type":"page","link":"http:\/\/www.projet-decroissance.net\/?page_id=2282","title":{"rendered":"Association REDT"},"content":{"rendered":"<p class=\"p1\"><a href=\"http:\/\/www.projet-decroissance.net\/?attachment_id=249\" rel=\"attachment wp-att-249\"><img loading=\"lazy\" decoding=\"async\" class=\"alignleft\" src=\"http:\/\/www.projet-decroissance.net\/wp-content\/uploads\/2012\/12\/escargot-bleu-marron.jpg\" alt=\"escargot-bleu\" width=\"99\" height=\"76\" \/><\/a>En janvier 2013, Vincent Liegey, St\u00e9phane Madelaine, Christophe Ondet et Anisabel Veillot publient <a href=\"http:\/\/www.projet-decroissance.net\/\" target=\"_blank\" rel=\"noopener\">Un Projet de D\u00e9croissance<\/a> aux \u00e9ditions Utopia.<\/p>\n<p class=\"p1\">Plus de 200 rencontres ont \u00e9t\u00e9 organis\u00e9es autour du livre \u00e0 travers l&rsquo;Europe. Il a \u00e9t\u00e9 r\u00e9\u00e9dit\u00e9 \u00e0 plusieurs reprises et publi\u00e9 en Hongrie (Eszmelet), au Qu\u00e9bec (Ecosocit\u00e9), en Espagne (Icaria), en Bulgarie (Ciela) et en Slov\u00e9nie (Sanje) en attendant d&rsquo;autres publications \u00e9trang\u00e8res. De m\u00eame, les co-auteurs publient r\u00e9guli\u00e8rement des tribunes, articles ou interviews dans diff\u00e9rents m\u00e9dias et participent \u00e0 des projets de recherche ou soutiennent des initiatives locales.<\/p>\n<p class=\"p1\">Ainsi en juillet 2013 a \u00e9t\u00e9 cr\u00e9e l&rsquo;association loi 1901 Recherches et Exp\u00e9rimentation sur la D\u00e9croissance et la Transition (REDT). Depuis l&rsquo;association s&rsquo;est d\u00e9velopp\u00e9e avec pour objectifs :<\/p>\n<ul>\n<li class=\"p1\">participer, initier, soutenir et promouvoir toutes initiatives autour de la D\u00e9croissance et de la Transition en Europe et les mettre en r\u00e9seau<\/li>\n<li class=\"p1\">candidater \u00e0 des subventions, en particulier dans le cadre de projets europ\u00e9ens mais aussi de collectivit\u00e9s locales ou de fondations<\/li>\n<li class=\"p1\">s&rsquo;appuyer sur ces exp\u00e9riences dans le cadre de projets de recherches acad\u00e9miques transdisciplinaires<\/li>\n<\/ul>\n<p class=\"p1\">Ainsi l&rsquo;association s&rsquo;est ouverte et a \u00e9t\u00e9 impliqu\u00e9e \u00e0 la fois dans les activit\u00e9s li\u00e9es au collectif Un Projet de D\u00e9croissance, mais aussi a soutenu et\/ou coorganis\u00e9 d&rsquo;autres projets comme <a href=\"http:\/\/www.projet-decroissance.net\/?p=2022\" target=\"_blank\" rel=\"noopener\">Cargonomia<\/a>, la <a href=\"http:\/\/www.projet-decroissance.net\/?p=2260\" target=\"_blank\" rel=\"noopener\">5\u00e8me conf\u00e9rence Internationale de la D\u00e9croissance \u00e0 Budapest<\/a> ou des rencontres r\u00e9guli\u00e8res atour de la D\u00e9croissance un peu partout en Europe.<\/p>\n<p class=\"p1\">Pour nous contacter:\u00a0<strong>contact [ at ] projet-decroissance.net<\/strong>.<\/p>\n","protected":false},"excerpt":{"rendered":"<p>En janvier 2013, Vincent Liegey, St\u00e9phane Madelaine, Christophe Ondet et Anisabel Veillot publient Un Projet de D\u00e9croissance aux \u00e9ditions Utopia. Plus de 200 rencontres ont \u00e9t\u00e9 organis\u00e9es autour du livre \u00e0 travers l&rsquo;Europe. Il a \u00e9t\u00e9 r\u00e9\u00e9dit\u00e9 \u00e0 plusieurs reprises &hellip; <a href=\"http:\/\/www.projet-decroissance.net\/?page_id=2282\">Continuer la lecture <span class=\"meta-nav\">&rarr;<\/span><\/a><\/p>\n","protected":false},"author":3,"featured_media":0,"parent":0,"menu_order":0,"comment_status":"closed","ping_status":"closed","template":"","meta":{"footnotes":""},"class_list":["post-2282","page","type-page","status-publish","hentry"],"_links":{"self":[{"href":"http:\/\/www.projet-decroissance.net\/index.php?rest_route=\/wp\/v2\/pages\/2282","targetHints":{"allow":["GET"]}}],"collection":[{"href":"http:\/\/www.projet-decroissance.net\/index.php?rest_route=\/wp\/v2\/pages"}],"about":[{"href":"http:\/\/www.projet-decroissance.net\/index.php?rest_route=\/wp\/v2\/types\/page"}],"author":[{"embeddable":true,"href":"http:\/\/www.projet-decroissance.net\/index.php?rest_route=\/wp\/v2\/users\/3"}],"replies":[{"embeddable":true,"href":"http:\/\/www.projet-decroissance.net\/index.php?rest_route=%2Fwp%2Fv2%2Fcomments&post=2282"}],"version-history":[{"count":2,"href":"http:\/\/www.projet-decroissance.net\/index.php?rest_route=\/wp\/v2\/pages\/2282\/revisions"}],"predecessor-version":[{"id":2376,"href":"http:\/\/www.projet-decroissance.net\/index.php?rest_route=\/wp\/v2\/pages\/2282\/revisions\/2376"}],"wp:attachment":[{"href":"http:\/\/www.projet-decroissance.net\/index.php?rest_route=%2Fwp%2Fv2%2Fmedia&parent=2282"}],"curies":[{"name":"wp","href":"https:\/\/api.w.org\/{rel}","templated":true}]}}