{"id":241,"date":"2012-12-28T18:04:07","date_gmt":"2012-12-28T18:04:07","guid":{"rendered":"http:\/\/www.projet-decroissance.net\/?page_id=241"},"modified":"2012-12-28T19:39:32","modified_gmt":"2012-12-28T19:39:32","slug":"preface-de-paul-aries","status":"publish","type":"page","link":"http:\/\/www.projet-decroissance.net\/?page_id=241","title":{"rendered":"Pr\u00e9face de Paul Ari\u00e8s"},"content":{"rendered":"<p><a href=\"http:\/\/www.projet-decroissance.net\/?attachment_id=269\" rel=\"attachment wp-att-269\"><img loading=\"lazy\" decoding=\"async\" class=\"size-medium wp-image-269 alignleft\" alt=\"arton289\" src=\"http:\/\/www.projet-decroissance.net\/wp-content\/uploads\/2012\/12\/arton289-239x300.jpg\" width=\"171\" height=\"212\" \/><\/a>Notre soci\u00e9t\u00e9 capitaliste et productiviste du \u00ab toujours plus \u00bb est en crise\u2026 Nous ne devons pas cependant attendre que ce syst\u00e8me s\u2019\u00e9croule de lui-m\u00eame et que de ses ruines encore fumantes surgisse spontan\u00e9ment un monde meilleur. J\u2019appartiens \u00e0 ceux qui pr\u00e9f\u00e8rent chanter au pr\u00e9sent plut\u00f4t qu\u2019\u00e0 de lointains lendemains qui chantent. C\u2019est d\u00e8s maintenant que nous devons commencer \u00e0 trouver des issues. Nous avons une bonne nouvelle \u00e0 apporter \u00e0 l\u2019humanit\u00e9 : la soci\u00e9t\u00e9 des humains est d\u00e9j\u00e0 assez riche pour permettre \u00e0 plus de sept milliards d\u2019humains de bien vivre\u2026<br \/>\nNous n\u2019avons donc pas \u00e0 courber l\u2019\u00e9chine devant les politiques de r\u00e9cession sociale mais nous devons, bien au contraire, affirmer qu\u2019\u00eatre fid\u00e8les aux combats \u00e9mancipateurs de nos anciens, c\u2019est \u00eatre aujourd\u2019hui encore plus exigeants, c\u2019est donc imposer un nouveau pacte de droits sociaux qui ne soit pas en retrait, c\u2019est imaginer un nouveau pacte qui ne nous conduise pas \u00e0 d\u00e9fendre un syst\u00e8me qui nous tue, mais qui nous permette de commencer \u00e0 changer v\u00e9ritablement de soci\u00e9t\u00e9.<\/p>\n<p>Nous avons un d\u00e9bat entre nous sur la bonne fa\u00e7on de nommer ce nouveau pacte : revenu social, Dotation Inconditionnelle d\u2019Autonomie, revenu universel ou de citoyennet\u00e9, salaire socialis\u00e9, dividende social, peu importe finalement le terme. L\u2019essentiel c\u2019est que les adeptes d\u2019un revenu garanti inconditionnel se disent tous convaincus qu\u2019il ne s\u2019agit pas d\u2019\u00eatre moins disant socialement mais mieux disant\u2026<br \/>\nL\u2019essentiel c\u2019est que nous soyons tous convaincus que cette Dotation Inconditionnelle d\u2019Autonomie est un composant essentiel de ce nouveau pacte social qui permettra d\u2019avancer vers plus d\u2019autonomie et d\u2019en finir, au plus vite, avec la centralit\u00e9 du travail dans nos vies.<br \/>\nLes d\u00e9bats sur les formes que prendra ce revenu social doivent se poursuivre. Nous avons tout \u00e0 gagner \u00e0 ne pas cultiver ce qui nous diff\u00e9rencie, mais \u00e0 chercher une convergence qui tienne compte de notre histoire sociale, politique et culturelle. Nous devons en finir avec plus de vingt ans d\u2019\u00e9chec du combat en faveur de ce revenu social, nous ne devons pas davantage \u00eatre dupes lorsque nos adversaires comme Alain Madelin, Christine Boutin ou Dominique de Villepin parlent de \u00ab dividende social \u00bb. Ce qui nous oppose \u00e0 la droite ce n\u2019est pas seulement le montant du revenu garanti, ce n\u2019est pas uniquement son caract\u00e8re universel ou pas, inconditionnel ou pas, c\u2019est la place qu\u2019occupe ce revenu garanti universel et inconditionnel comme instrument de sortie du capitalisme et du productivisme. Pour le dire autrement : la Dotation Inconditionnelle d\u2019Autonomie n\u2019est en rien un simple revenu de survie ! Il est li\u00e9 \u00e0 la notion de don, de gratuit\u00e9, donc \u00e0 la construction de \u00ab communs \u00bb\u2026<\/p>\n<p>J\u2019ai toujours dit ma pr\u00e9f\u00e9rence pour une Dotation Inconditionnelle d\u2019Autonomie qui prendrait plusieurs formes : une partie sous forme de monnaie nationale (en euros), une autre partie importante sous forme de monnaie locale \u00e0 inventer (afin de faciliter notamment la relocalisation de biens socialement et \u00e9cologiquement responsables) et une partie, essentielle \u00e0 mes yeux, distribu\u00e9e sous forme de droits d\u2019acc\u00e8s aux biens communs (gratuit\u00e9 de l\u2019eau vitale, des transports en commun, bouclier \u00e9nerg\u00e9tique, etc.). Je suis convaincu que notre combat pour une Dotation Inconditionnelle d\u2019Autonomie doit prendre avant tout la forme de la d\u00e9fense et de l\u2019extension de la sph\u00e8re de la gratuit\u00e9 (libre acc\u00e8s \u00e0 certains biens et services).<\/p>\n<p>Ce Manifeste pour une Dotation Inconditionnelle d\u2019Autonomie (DIA) ouvre un grand chantier, celui d\u2019une d\u00e9croissance \u00e9conomique qui profite d\u2019abord aux plus pauvres, celui d\u2019une d\u00e9croissance qui, se refusant \u00e0 r\u00e9clamer plus d\u2019aust\u00e9rit\u00e9 encore \u00e0 \u00ab Hollandr\u00e9ou \u00bb, cherche \u00e0 inventer ce que pourrait \u00eatre une politique du Buen vivir \u00e0 la fran\u00e7aise !<\/p>\n<p style=\"text-align: right;\"><strong>Paul Ari\u00e8s<\/strong><br \/>\nDirecteur de La vie est \u00e0 nous ! \/ Le sarkophage.<br \/>\nR\u00e9dacteur en chef de la revue les Z\u2019indign\u00e9-e-s.<\/p>\n","protected":false},"excerpt":{"rendered":"<p>Notre soci\u00e9t\u00e9 capitaliste et productiviste du \u00ab toujours plus \u00bb est en crise\u2026 Nous ne devons pas cependant attendre que ce syst\u00e8me s\u2019\u00e9croule de lui-m\u00eame et que de ses ruines encore fumantes surgisse spontan\u00e9ment un monde meilleur. J\u2019appartiens \u00e0 ceux &hellip; <a href=\"http:\/\/www.projet-decroissance.net\/?page_id=241\">Continuer la lecture <span class=\"meta-nav\">&rarr;<\/span><\/a><\/p>\n","protected":false},"author":2,"featured_media":0,"parent":0,"menu_order":0,"comment_status":"closed","ping_status":"open","template":"","meta":{"footnotes":""},"class_list":["post-241","page","type-page","status-publish","hentry"],"_links":{"self":[{"href":"http:\/\/www.projet-decroissance.net\/index.php?rest_route=\/wp\/v2\/pages\/241","targetHints":{"allow":["GET"]}}],"collection":[{"href":"http:\/\/www.projet-decroissance.net\/index.php?rest_route=\/wp\/v2\/pages"}],"about":[{"href":"http:\/\/www.projet-decroissance.net\/index.php?rest_route=\/wp\/v2\/types\/page"}],"author":[{"embeddable":true,"href":"http:\/\/www.projet-decroissance.net\/index.php?rest_route=\/wp\/v2\/users\/2"}],"replies":[{"embeddable":true,"href":"http:\/\/www.projet-decroissance.net\/index.php?rest_route=%2Fwp%2Fv2%2Fcomments&post=241"}],"version-history":[{"count":3,"href":"http:\/\/www.projet-decroissance.net\/index.php?rest_route=\/wp\/v2\/pages\/241\/revisions"}],"predecessor-version":[{"id":244,"href":"http:\/\/www.projet-decroissance.net\/index.php?rest_route=\/wp\/v2\/pages\/241\/revisions\/244"}],"wp:attachment":[{"href":"http:\/\/www.projet-decroissance.net\/index.php?rest_route=%2Fwp%2Fv2%2Fmedia&parent=241"}],"curies":[{"name":"wp","href":"https:\/\/api.w.org\/{rel}","templated":true}]}}