{"id":34,"date":"2012-12-25T07:01:39","date_gmt":"2012-12-25T07:01:39","guid":{"rendered":"http:\/\/www.projet-decroissance.net\/?page_id=34"},"modified":"2012-12-31T12:41:59","modified_gmt":"2012-12-31T12:41:59","slug":"anne-isabelle-veillot","status":"publish","type":"page","link":"http:\/\/www.projet-decroissance.net\/?page_id=34","title":{"rendered":"Anne-Isabelle Veillot"},"content":{"rendered":"<div id=\"lipsum\">\n<p>J\u2019ai rencontr\u00e9 la D\u00e9croissance en 2005 en ayant l\u2019impression de retrouver une vieille amie\u00a0! Je ne me suis engag\u00e9e dans un collectif qu\u2019avec la cr\u00e9ation de l\u2019AdOC en 2009, pour les \u00e9lections europ\u00e9ennes. Suite \u00e0 sa \u00ab\u00a0dissolution\u00a0\u00bb, je participe au fonctionnement du Parti Pour la D\u00e9croissance en tant que membre et secr\u00e9taire nationale depuis deux ans.<\/p>\n<p>Mon parcours professionnel a \u00e9t\u00e9 longuement interrompu pour m\u2019occuper de l\u2019\u00e9ducation de mes trois filles, et je suis actuellement auxiliaire de vie scolaire en \u00e9coles maternelles et primaires. J&rsquo;habite dans les Yvelines o\u00f9 Christophe Ondet et moi-m\u00eame avons initi\u00e9 le collectif Yvelines-D\u00e9croissance.<\/p>\n<p>Contact collectif : contact @ projet-decroissance.net<br \/>\nContact personnel : anisabel22 @ free.fr<\/p>\n<\/div>\n","protected":false},"excerpt":{"rendered":"<p>J\u2019ai rencontr\u00e9 la D\u00e9croissance en 2005 en ayant l\u2019impression de retrouver une vieille amie\u00a0! Je ne me suis engag\u00e9e dans un collectif qu\u2019avec la cr\u00e9ation de l\u2019AdOC en 2009, pour les \u00e9lections europ\u00e9ennes. Suite \u00e0 sa \u00ab\u00a0dissolution\u00a0\u00bb, je participe au &hellip; <a href=\"http:\/\/www.projet-decroissance.net\/?page_id=34\">Continuer la lecture <span class=\"meta-nav\">&rarr;<\/span><\/a><\/p>\n","protected":false},"author":2,"featured_media":0,"parent":24,"menu_order":0,"comment_status":"closed","ping_status":"open","template":"","meta":{"footnotes":""},"class_list":["post-34","page","type-page","status-publish","hentry"],"_links":{"self":[{"href":"http:\/\/www.projet-decroissance.net\/index.php?rest_route=\/wp\/v2\/pages\/34","targetHints":{"allow":["GET"]}}],"collection":[{"href":"http:\/\/www.projet-decroissance.net\/index.php?rest_route=\/wp\/v2\/pages"}],"about":[{"href":"http:\/\/www.projet-decroissance.net\/index.php?rest_route=\/wp\/v2\/types\/page"}],"author":[{"embeddable":true,"href":"http:\/\/www.projet-decroissance.net\/index.php?rest_route=\/wp\/v2\/users\/2"}],"replies":[{"embeddable":true,"href":"http:\/\/www.projet-decroissance.net\/index.php?rest_route=%2Fwp%2Fv2%2Fcomments&post=34"}],"version-history":[{"count":6,"href":"http:\/\/www.projet-decroissance.net\/index.php?rest_route=\/wp\/v2\/pages\/34\/revisions"}],"predecessor-version":[{"id":36,"href":"http:\/\/www.projet-decroissance.net\/index.php?rest_route=\/wp\/v2\/pages\/34\/revisions\/36"}],"up":[{"embeddable":true,"href":"http:\/\/www.projet-decroissance.net\/index.php?rest_route=\/wp\/v2\/pages\/24"}],"wp:attachment":[{"href":"http:\/\/www.projet-decroissance.net\/index.php?rest_route=%2Fwp%2Fv2%2Fmedia&parent=34"}],"curies":[{"name":"wp","href":"https:\/\/api.w.org\/{rel}","templated":true}]}}