{"id":380,"date":"2012-11-29T07:39:59","date_gmt":"2012-11-29T07:39:59","guid":{"rendered":"http:\/\/www.projet-decroissance.net\/?page_id=380"},"modified":"2012-12-29T08:58:13","modified_gmt":"2012-12-29T08:58:13","slug":"les-marmites-de-la-decroissance-en-ebullition","status":"publish","type":"page","link":"http:\/\/www.projet-decroissance.net\/?page_id=380","title":{"rendered":"Les marmites de la D\u00e9croissance en \u00e9bullition"},"content":{"rendered":"<p><span style=\"color: #000000;\"><strong><a href=\"http:\/\/www.projet-decroissance.net\/?attachment_id=257\" rel=\"attachment wp-att-257\"><img loading=\"lazy\" decoding=\"async\" class=\"size-full wp-image-257 alignleft\" alt=\"escargot-bleu-marron\" src=\"http:\/\/www.projet-decroissance.net\/wp-content\/uploads\/2012\/12\/escargot-bleu-marron.jpg\" width=\"123\" height=\"92\" \/><\/a>Partant du principe que chacun pourra s&rsquo;\u00e9panouir l\u00e0 o\u00f9 il se sent le mieux, les objecteurs de croissance (OC) ne tendent pas dans l&rsquo;imm\u00e9diat \u00e0 se r\u00e9unir en une seule formation. <\/strong> L&rsquo;\u00e9parpillement des OC (objecteurs de croissance) suscite quelques malentendus et incompr\u00e9hensions. En effet, nous mettons nos<\/span><span style=\"color: #000000;\"> forces<\/span><span style=\"color: #000000;\"> dans des <\/span><span style=\"color: #000000;\">groupes<\/span><span style=\"color: #000000;\"> divers et vari\u00e9s afin de toucher un plus large public. Beaucoup s\u2019interrogent sur l\u2019utilit\u00e9 de diff\u00e9rents collectifs et ne commencent par n\u2019y voir qu<\/span><span style=\"color: #000000;\">e divisions n\u00e9gatives<\/span><span style=\"color: #000000;\">. Nous pensons qu\u2019au contraire, pr\u00e9senter des approches multiples pour r\u00e9soudre une probl\u00e9matique unique, la visibilit\u00e9 de la D\u00e9croissance, ne peut qu\u2019enrichir le mouvement dans son ensemble et offrir un point d\u2019acc\u00e8s \u00e0 notre compr\u00e9hension du monde et de son avenir \u00e0 une multitude de public diff\u00e9rent.<\/span><\/p>\n<div style=\"color: #000000;\"><strong>Ainsi, pour 2012<\/strong>, <!--more-->nous soutenons l\u2019initiative de Cl\u00e9ment Wittmann (<a href=\"http:\/\/clementwittmann2012.fr\/\" target=\"_blank\">1<\/a>) qui \u00e0 travers son tour de France \u00e0 v\u00e9lo par les mairies des villages porte la parole des OC \u00e0 sa mani\u00e8re. De m\u00eame, nous comprenons le point de vue du MOC (<a href=\"http:\/\/www.les-oc.info\/category\/visibilite\/votes\/presidentielle-2012\/\" target=\"_blank\">3<\/a>) qui a choisi de rencontrer les partis politiques qui partagent a minima certaines de nos id\u00e9es, comme l\u2019anti-capitalisme et l\u2019anti-productivisme, afin qu\u2019\u00e9merge la D\u00e9croissance comme alternative cr\u00e9dible \u00e0 une soci\u00e9t\u00e9 croissanciste et mortif\u00e8re. Au sein d\u2019Europe-Ecologie-Les-Verts, notre id\u00e9al est \u00e9galement repr\u00e9sent\u00e9 par une branche solide (Y. Cochet (<a href=\"..\/?p=6366\" target=\"_blank\">8<\/a>) entre autres).<\/div>\n<p>&nbsp;<\/p>\n<div style=\"color: #000000;\">Enfin nous soutenons et participons \u00e0 l&rsquo;initiative collective et ouverte \u00ab\u00a0<em>Notre CandidatE est la D\u00e9croissance<\/em>\u00a0\u00bb <a href=\"http:\/\/www.decroissance2012.fr\/?p=187\" target=\"_blank\">(2<\/a>) qui cherche \u00e0 mobiliser les OC dans une strat\u00e9gie, non sectaire (<a href=\"http:\/\/www.decroissance2012.fr\/?p=189\">7<\/a>), du \u00ab\u00a0pas de cot\u00e9\u00a0\u00bb.<\/div>\n<p>&nbsp;<\/p>\n<div style=\"color: #000000;\">\n<div>Dans le monde universitaire la D\u00e9croissance est \u00e9galement bien pr\u00e9sente et active tout au long de l\u2019ann\u00e9e, que ce soit \u00e0 travers des livres, des articles, des conf\u00e9rences ou par la parution r\u00e9guli\u00e8re de la revue Entropia (<a href=\"http:\/\/www.entropia-la-revue.org\/\" target=\"_blank\">4<\/a>).<br \/>\nEn ce qui concernent les m\u00e9dias, la revue S!lence (<a href=\"http:\/\/www.revuesilence.net\/\" target=\"_blank\">5<\/a>) r\u00e9percute toutes les initiatives proches de la D\u00e9croissance. La revue \u00ab\u00a0ProXimit\u00e9s\u00a0\u00bb (<a href=\"http:\/\/www.proximites.net\/\" target=\"_blank\">6<\/a>)se d\u00e9cline localement, entre autres, autour de la probl\u00e9matique de la transition.Notons tout de m\u00eame que de nombreux objecteurs de croissance travaillent au sein d\u2019autres organisations politiques, comme le Parti de Gauche ou le NPA, ou de mani\u00e8re plus transversale avec le collectif Utopia, et que ATTAC comprend un regroupement autour de la D\u00e9croissance.Ces diff\u00e9rentes approches constituent autant de possibilit\u00e9s de r\u00e9unir des objecteurs de croissance localement afin de former des collectifs qui seront indispensables \u00e0 l\u2019\u00e9mergence de nos id\u00e9es et \u00e0 l&rsquo;exp\u00e9rimentation de celles-ci.<\/p>\n<\/div>\n<\/div>\n<p>&nbsp;<\/p>\n<div style=\"color: #000000;\">\n<div>A c\u00f4t\u00e9 de ces d\u00e9marches de \u00ab\u00a0mains tendues\u00a0\u00bb, nous ne pouvons que regretter les postures sectaires de quelques un-e-s, certaines communications de stigmatisation et de d\u00e9nigrement, qui ont pour effet d&rsquo;arcbouter dans leurs positons, les personnes qui n&rsquo;en sont pas encore au m\u00eame stade.<strong>C\u2019est en cela aussi que toutes ces initiatives doivent \u00eatre valoris\u00e9es, soutenues, encourag\u00e9es&#8230; mais aussi, bien s\u00fbr, critiqu\u00e9es, de mani\u00e8re constructive et respectueuse.<\/strong><\/div>\n<\/div>\n<p>&nbsp;<\/p>\n<div style=\"text-align: left;\">Parti Pour La D\u00e9croissance <br style=\"color: #000000;\" \/> <br style=\"color: #000000;\" \/><\/p>\n<div style=\"text-align: center; color: #000000;\"><img decoding=\"async\" alt=\"http:\/\/www.partipourladecroissance.net\/wp-content\/uploads\/2008\/12\/logo-ppld.gif\" src=\"..\/wp-content\/uploads\/2008\/12\/logo-ppld.gif\" \/><\/div>\n<p>&nbsp;<\/p>\n<div style=\"text-align: center; color: #000000;\"><a href=\"mailto:contact@ml.partipourladecroissance.net\" target=\"_blank\">contact@ml.partipourladecroissance.net<\/a><br \/>\n<a href=\"..\/\" target=\"_blank\">http:\/\/www.partipourladecroissance.net\/<\/a><\/div>\n<p><br style=\"color: #000000;\" \/> <br style=\"color: #000000;\" \/><span style=\"color: #000000;\"> (1) <\/span><a href=\"http:\/\/clementwittmann2012.fr\/\" target=\"_blank\">http:\/\/clementwittmann2012.fr\/<\/a><br style=\"color: #000000;\" \/><span style=\"color: #000000;\"> (2) <\/span><a href=\"http:\/\/www.decroissance2012.fr\/?p=187\" target=\"_blank\">http:\/\/www.decroissance2012.fr\/?p=187<\/a><br style=\"color: #000000;\" \/><span style=\"color: #000000;\"> (3) <\/span><a href=\"http:\/\/www.les-oc.info\/category\/visibilite\/votes\/presidentielle-2012\/\" target=\"_blank\">http:\/\/www.les-oc.info\/category\/visibilite\/votes\/presidentielle-2012\/<\/a><br style=\"color: #000000;\" \/><span style=\"color: #000000;\"> (4) <\/span><a href=\"http:\/\/www.entropia-la-revue.org\/\" target=\"_blank\">http:\/\/www.entropia-la-revue.org\/<\/a><br style=\"color: #000000;\" \/><span style=\"color: #000000;\"> (5) <\/span><a href=\"http:\/\/www.revuesilence.net\/\" target=\"_blank\">http:\/\/www.revuesilence.net\/<\/a><br style=\"color: #000000;\" \/><span style=\"color: #000000;\"> (6) <\/span><a href=\"http:\/\/www.proximites.net\/\" target=\"_blank\">http:\/\/www.proximites.net\/<\/a><br \/>\n(7) <a href=\"http:\/\/www.decroissance2012.fr\/?p=189\">http:\/\/www.decroissance2012.fr\/?p=189<\/a><br \/>\n(8) Derni\u00e8res vacances avant la r\u00e9cession <a href=\"..\/?p=6366\" target=\"_blank\">http:\/\/www.partipourladecroissance.net\/?p=6366<\/a><\/p>\n<p style=\"text-align: right;\">Publi\u00e9 en ao\u00fbt 2011<\/p>\n<\/div>\n","protected":false},"excerpt":{"rendered":"<p>Partant du principe que chacun pourra s&rsquo;\u00e9panouir l\u00e0 o\u00f9 il se sent le mieux, les objecteurs de croissance (OC) ne tendent pas dans l&rsquo;imm\u00e9diat \u00e0 se r\u00e9unir en une seule formation. L&rsquo;\u00e9parpillement des OC (objecteurs de croissance) suscite quelques malentendus &hellip; <a href=\"http:\/\/www.projet-decroissance.net\/?page_id=380\">Continuer la lecture <span class=\"meta-nav\">&rarr;<\/span><\/a><\/p>\n","protected":false},"author":4,"featured_media":0,"parent":0,"menu_order":0,"comment_status":"closed","ping_status":"open","template":"","meta":{"footnotes":""},"class_list":["post-380","page","type-page","status-publish","hentry"],"_links":{"self":[{"href":"http:\/\/www.projet-decroissance.net\/index.php?rest_route=\/wp\/v2\/pages\/380","targetHints":{"allow":["GET"]}}],"collection":[{"href":"http:\/\/www.projet-decroissance.net\/index.php?rest_route=\/wp\/v2\/pages"}],"about":[{"href":"http:\/\/www.projet-decroissance.net\/index.php?rest_route=\/wp\/v2\/types\/page"}],"author":[{"embeddable":true,"href":"http:\/\/www.projet-decroissance.net\/index.php?rest_route=\/wp\/v2\/users\/4"}],"replies":[{"embeddable":true,"href":"http:\/\/www.projet-decroissance.net\/index.php?rest_route=%2Fwp%2Fv2%2Fcomments&post=380"}],"version-history":[{"count":2,"href":"http:\/\/www.projet-decroissance.net\/index.php?rest_route=\/wp\/v2\/pages\/380\/revisions"}],"predecessor-version":[{"id":425,"href":"http:\/\/www.projet-decroissance.net\/index.php?rest_route=\/wp\/v2\/pages\/380\/revisions\/425"}],"wp:attachment":[{"href":"http:\/\/www.projet-decroissance.net\/index.php?rest_route=%2Fwp%2Fv2%2Fmedia&parent=380"}],"curies":[{"name":"wp","href":"https:\/\/api.w.org\/{rel}","templated":true}]}}