{"id":388,"date":"2012-11-29T07:46:43","date_gmt":"2012-11-29T07:46:43","guid":{"rendered":"http:\/\/www.projet-decroissance.net\/?page_id=388"},"modified":"2013-01-02T11:33:40","modified_gmt":"2013-01-02T11:33:40","slug":"introduction","status":"publish","type":"page","link":"http:\/\/www.projet-decroissance.net\/?page_id=388","title":{"rendered":"Introduction \u00e0 la D\u00e9croissance"},"content":{"rendered":"<p><img loading=\"lazy\" decoding=\"async\" class=\"alignleft\" alt=\"http:\/\/www.partipourladecroissance.net\/wp-content\/uploads\/2010\/05\/Image-2.png\" src=\"http:\/\/www.partipourladecroissance.net\/wp-content\/uploads\/2010\/05\/Image-2.png\" width=\"200\" height=\"170\" \/>La D\u00e9croissance est avant tout une remise en question de notre soci\u00e9t\u00e9 de consommation, sans hypoth\u00e9quer nos acquis d\u00e9mocratiques, sociaux et culturels.<\/p>\n<p>La D\u00e9croissance n\u2019est pas la d\u00e9croissance de tout pour tous, ni un retour en arri\u00e8re vers un pseudo bonheur perdu, mais bien un virage, une bifurcation, que nous devons prendre afin de sortir de l\u2019engrenage destructeur de la soci\u00e9t\u00e9 de croissance. A l\u2019aide de ses meilleurs outils que sont le capitalisme, le lib\u00e9ralisme, l\u2019ultra-lib\u00e9ralisme et autres n\u00e9o\u2026 la soci\u00e9t\u00e9 de croissance accumule dramatiquement les crises environnementales, sociales, \u00e9conomiques, culturelles et politiques.<\/p>\n<p>Devant ce constat, il est urgent de dire \u00e0 tous les\u00a0 citoyens qu\u2019il ne s\u2019agit pas de choisir entre \u00ab<em> croissance et d\u00e9croissance<\/em> \u00bb mais bien entre une d\u00e9croissance volontaire et une r\u00e9cession subie.<br \/>\nLes probl\u00e8mes sociaux et environnementaux de notre syst\u00e8me ne pourront \u00eatre r\u00e9solus ni en ajustant quelques param\u00e8tres, ni par les seules initiatives personnelles.<\/p>\n<p>C\u2019est pour tout cela qu\u2019il est essentiel de proposer aux citoyens un projet politique capable de transformer ce mod\u00e8le qui met en danger notre avenir. Le Parti Pour La D\u00e9croissance a donc d\u00e9cid\u00e9 de s\u2019engager pour d\u00e9fendre un ensemble d\u2019orientations susceptibles d\u2019enclencher une d\u00e9croissance sereine, soutenable, conviviale et tout simplement humaine.<\/p>\n<p>&nbsp;<\/p>\n","protected":false},"excerpt":{"rendered":"<p>La D\u00e9croissance est avant tout une remise en question de notre soci\u00e9t\u00e9 de consommation, sans hypoth\u00e9quer nos acquis d\u00e9mocratiques, sociaux et culturels. La D\u00e9croissance n\u2019est pas la d\u00e9croissance de tout pour tous, ni un retour en arri\u00e8re vers un pseudo &hellip; <a href=\"http:\/\/www.projet-decroissance.net\/?page_id=388\">Continuer la lecture <span class=\"meta-nav\">&rarr;<\/span><\/a><\/p>\n","protected":false},"author":4,"featured_media":0,"parent":0,"menu_order":0,"comment_status":"closed","ping_status":"open","template":"","meta":{"footnotes":""},"class_list":["post-388","page","type-page","status-publish","hentry"],"_links":{"self":[{"href":"http:\/\/www.projet-decroissance.net\/index.php?rest_route=\/wp\/v2\/pages\/388","targetHints":{"allow":["GET"]}}],"collection":[{"href":"http:\/\/www.projet-decroissance.net\/index.php?rest_route=\/wp\/v2\/pages"}],"about":[{"href":"http:\/\/www.projet-decroissance.net\/index.php?rest_route=\/wp\/v2\/types\/page"}],"author":[{"embeddable":true,"href":"http:\/\/www.projet-decroissance.net\/index.php?rest_route=\/wp\/v2\/users\/4"}],"replies":[{"embeddable":true,"href":"http:\/\/www.projet-decroissance.net\/index.php?rest_route=%2Fwp%2Fv2%2Fcomments&post=388"}],"version-history":[{"count":2,"href":"http:\/\/www.projet-decroissance.net\/index.php?rest_route=\/wp\/v2\/pages\/388\/revisions"}],"predecessor-version":[{"id":540,"href":"http:\/\/www.projet-decroissance.net\/index.php?rest_route=\/wp\/v2\/pages\/388\/revisions\/540"}],"wp:attachment":[{"href":"http:\/\/www.projet-decroissance.net\/index.php?rest_route=%2Fwp%2Fv2%2Fmedia&parent=388"}],"curies":[{"name":"wp","href":"https:\/\/api.w.org\/{rel}","templated":true}]}}