{"id":399,"date":"2012-11-29T07:56:17","date_gmt":"2012-11-29T07:56:17","guid":{"rendered":"http:\/\/www.projet-decroissance.net\/?page_id=399"},"modified":"2012-12-29T07:56:44","modified_gmt":"2012-12-29T07:56:44","slug":"repolitiser-la-societe-resocialiser-la-politique","status":"publish","type":"page","link":"http:\/\/www.projet-decroissance.net\/?page_id=399","title":{"rendered":"Repolitiser la soci\u00e9t\u00e9, resocialiser la politique"},"content":{"rendered":"<p style=\"text-align: left;\"><strong><img loading=\"lazy\" decoding=\"async\" class=\"alignleft\" style=\"margin: 8px;\" alt=\"\" src=\"http:\/\/www.partipourladecroissance.net\/wp-content\/uploads\/2008\/12\/logo-ppld.gif\" width=\"118\" height=\"68\" \/>Repolitiser la soci\u00e9t\u00e9, resocialiser la politique<\/strong><br \/>\n<em>Quelle strat\u00e9gie politique pour une transition d\u00e9mocratique et sereine<\/em><br \/>\n<em> vers des soci\u00e9t\u00e9s soutenables et souhaitables de D\u00e9croissance<\/em><\/p>\n<p>Depuis le d\u00e9but des ann\u00e9es 2000 et en particulier ces derni\u00e8res ann\u00e9es, on assiste \u00e0 l&rsquo;\u00e9mergence d&rsquo;initiatives locales citoyennes en rupture avec les sch\u00e9mas classiques de la soci\u00e9t\u00e9 de croissance. En parall\u00e8le, en France, mais aussi dans d&rsquo;autres pays, notamment latins, on assiste \u00e0 la naissance de d\u00e9bats et aussi de mouvements politiques autour des id\u00e9es de la D\u00e9croissance.<br \/>\nAujourd&rsquo;hui ces mouvements se questionnent sur la mani\u00e8re de faire vivre ces diff\u00e9rentes d\u00e9marches ensemble et sur la fa\u00e7on de colporter un nouveau projet de soci\u00e9t\u00e9 tout en restant en coh\u00e9rence avec cette pens\u00e9e politique. Un des th\u00e8mes le plus souvent mis en avant dans la D\u00e9croissance est la relocalisation de l&rsquo;\u00e9conomie et donc, par l\u00e0, de la vie.<br \/>\nCes initiatives locales, que l&rsquo;on appelle alternatives concr\u00e8tes, comme l&rsquo;habitat partag\u00e9 ou les AMAP par exemple, s&rsquo;inscrivent toutes dans cette logique de r\u00e9apprendre \u00e0 vivre localement, \u00e0 produire localement et ainsi \u00e0 recr\u00e9er des soci\u00e9t\u00e9s humaines permettant d&rsquo;initier une transition vers une souverainet\u00e9 alimentaire et \u00e9nerg\u00e9tique. Ce livre propose de mettre en avant un certain nombre d&rsquo;entre elles.<!--more--><\/p>\n<p>Comme les villes en transition en France, ce type d&rsquo;initiatives locales et concr\u00e8tes rencontre un succ\u00e8s notoire aupr\u00e8s de personnes non int\u00e9ress\u00e9es ou lass\u00e9es par le militantisme classique et ses codes. Souvent pr\u00e9sent\u00e9es comme non politiques, ces alternatives sont en effet en rupture avec la mani\u00e8re classique de faire de la politique consistant \u00e0 se battre contre, et dont la strat\u00e9gie ne s&rsquo;inscrit que dans une logique de prise de pouvoir. En fait, elles reviennent \u00e0 l&rsquo;essence m\u00eame de la Politique, celle de la vie de la Cit\u00e9, en faisant participer tous les citoyens \u00e0 la r\u00e9appropriation de leurs choix de vie. Elles sont donc fondamentalement politiques et constituent des exemples de <em>resocialisation de la politique et de repolitisation de la soci\u00e9t\u00e9 <\/em>(1), au niveau local, en commen\u00e7ant, sans attendre une hypoth\u00e9tique prise de pouvoir, \u00e0 construire d&rsquo;autres soci\u00e9t\u00e9s soutenables et souhaitables.<\/p>\n<p>Chacune de ces alternatives ne repr\u00e9sente pas une fin en soi mais l&rsquo;ensemble forme un vivier d&rsquo;exp\u00e9riences, plus ou moins r\u00e9ussies, qui ont vocation \u00e0 se multiplier et \u00e0 \u00eatre adapt\u00e9es et appropri\u00e9es ici et l\u00e0. Ces initiatives, bien que la plupart soit ind\u00e9pendante, s&rsquo;inscrivent et participent directement ou indirectement \u00e0 la construction d&rsquo;un mouvement politique de rupture avec la soci\u00e9t\u00e9 de Croissance et aussi de sortie du capitalisme et du productivisme.<br \/>\nL&rsquo;enjeu aujourd&rsquo;hui, autour de ces initiatives et de la richesse d&rsquo;exp\u00e9riences qu&rsquo;elles repr\u00e9sentent, est d&rsquo;arriver \u00e0 tisser un r\u00e9seau en construisant des liens, des ponts, des passerelles \u00e0 la fois entres elles mais aussi avec les autres niveaux politiques de la D\u00e9croissance. Ce maillage permettrait de mettre en commun, de critiquer, de se rencontrer, mais aussi de gagner en visibilit\u00e9, lisibilit\u00e9 et coh\u00e9rence. Il \u00e9viterait par ailleurs le risque de repli sur soi et de communautarisme que cela repr\u00e9sente, la d\u00e9rive survivaliste (2) ou encore de se trouver rattrap\u00e9 par des lois interdisant tout simplement ce type de d\u00e9marche (3).<\/p>\n<p>Aujourd&rsquo;hui, nous observons que la D\u00e9croissance peut se colporter sur quatre niveaux politiques :<br \/>\n<strong>&#8211; Le collectif<\/strong> : \u00e0 travers les alternatives concr\u00e8tes, mises en avant dans ce livre.<br \/>\n<strong>&#8211; Le projet<\/strong> : projet de transition et aussi r\u00e9flexion sur ce que peuvent \u00eatre des soci\u00e9t\u00e9s de D\u00e9croissance (4).<br \/>\n<strong>&#8211; La visibilit\u00e9<\/strong> : l\u2019organisation de rencontres-d\u00e9bats, de manifestations, le passage dans les m\u00e9dias, la participation \u00e0 des \u00e9lections de mani\u00e8re non-\u00e9lectoraliste (5).<br \/>\n<strong>&#8211; L&rsquo;individuel<\/strong> : \u00e0 travers la simplicit\u00e9 volontaire et la d\u00e9colonisation de l\u2019imaginaire.<\/p>\n<p>Chacun de ces niveaux est compl\u00e9mentaire des autres et chacune des initiatives de rupture avec la soci\u00e9t\u00e9 de Croissance s&rsquo;inscrit dans plusieurs d&rsquo;entre eux. Il faut aujourd&rsquo;hui arriver \u00e0 cultiver cette diversit\u00e9. Ces quatre niveaux politiques de la D\u00e9croissance interagissent entre eux et doivent se nourrir mutuellement les uns les autres, en rupture avec toute volont\u00e9 de domination.<\/p>\n<p><strong>Je propose ici de pr\u00e9senter les compl\u00e9mentarit\u00e9s entre le Collectif et ces diff\u00e9rents niveaux :<\/strong><br \/>\nUne alternative concr\u00e8te locale, tout aussi pertinente soit elle, peut tr\u00e8s vite \u00eatre rattrap\u00e9e par la loi si elle se d\u00e9sint\u00e9resse de la politique institutionnelle et des d\u00e9bats de soci\u00e9t\u00e9. Au contraire, en s&rsquo;appuyant aussi sur la Visibilit\u00e9, notamment par la participation non-\u00e9lectoraliste \u00e0 des \u00e9lections, elle contribue \u00e0 la fois \u00e0 expliquer sa d\u00e9marche, \u00e0 ouvrir un d\u00e9bat citoyen sur celle-ci, mais aussi \u00e0 cr\u00e9er des liens avec des \u00e9lus locaux qui pourront, non pas r\u00e9cup\u00e9rer, encore moins faire \u00e0 la place de, mais laisser la possibilit\u00e9 que vive et se construise cette alternative.<br \/>\nInversement, le niveau de la Visibilit\u00e9 s&rsquo;inspire des alternatives concr\u00e8tes et donne plus de cr\u00e9dibilit\u00e9 au discours de la D\u00e9croissance en les mettant en avant. La Visibilit\u00e9 permet aussi de semer des graines d&rsquo;id\u00e9es qui peuvent germer ici ou l\u00e0.<br \/>\nDe m\u00eame, il y a des synergies entre l&rsquo;Individuel et le Collectif : une alternative concr\u00e8te est constitu\u00e9e de citoyens faisant le choix de la simplicit\u00e9 volontaire. Inversement, sans alternatives concr\u00e8tes, ces citoyens ne trouvent pas de lieu d&rsquo;exp\u00e9rimentation collective de leur choix de vie et seraient condamn\u00e9s \u00e0 l&rsquo;isolement.<br \/>\nLes alternatives concr\u00e8tes trouvent \u00e0 travers le Projet, et donc des r\u00e9flexions th\u00e9oriques, une coh\u00e9rence et un sens global \u00e0 leurs d\u00e9marches. Inversement, le Projet se nourrit de ces laboratoires d&rsquo;exp\u00e9rimentations.<\/p>\n<p><strong>Et aussi les compl\u00e9mentarit\u00e9s entre Individuel \u2013 Projet &#8211; Visibilit\u00e9 :<\/strong><br \/>\nC&rsquo;est \u00e0 travers les r\u00e9flexions intellectuelles qu&rsquo;une personne se nourrit et arrive \u00e0 remettre en question son mode de vie et de pens\u00e9e. Inversement, le Projet se nourrit de ce qui est exp\u00e9riment\u00e9 par les personnes faisant le choix de la simplicit\u00e9 volontaire.<br \/>\nC&rsquo;est \u00e0 travers la Visibilit\u00e9 que des personnes sont sensibilis\u00e9es aux r\u00e9flexions intellectuelles autour de la D\u00e9croissance. Inversement, la participation de personnes choisissant la simplicit\u00e9 volontaire dans la Visibilit\u00e9 donne un visage humain, et non plus seulement th\u00e9orique, \u00e0 ce choix de vie.<br \/>\nSans la Visibilit\u00e9, le projet s&rsquo;enfermerait dans ses v\u00e9rit\u00e9s sans jamais se confronter au d\u00e9bat. Les id\u00e9es de la D\u00e9croissance resteraient dans le cercle ferm\u00e9 d&rsquo;une petite \u00e9lite \u00e9clair\u00e9e. Inversement, la Visibilit\u00e9 sans le Projet ne consisterait qu&rsquo;\u00e0 rab\u00e2cher quelques slogans sans approfondir le d\u00e9bat ni questionner le chemin : quelle visibilit\u00e9 ? Comment colporter la D\u00e9croissance de mani\u00e8re coh\u00e9rente ?<\/p>\n<p>On peut voir les compl\u00e9mentarit\u00e9s entre ces diff\u00e9rents niveaux, mais aussi la pertinence et la coh\u00e9rence d&rsquo;imaginer un espace commun pour les faire vivre ensemble. Construire cet espace, c&rsquo;est commencer \u00e0 penser et exp\u00e9rimenter ce que pourraient \u00eatre demain des soci\u00e9t\u00e9s de D\u00e9croissance. C&rsquo;est construire un nouveau rapport \u00e0 l&rsquo;autre, un nouveau rapport \u00e0 la politique, \u00e0 la d\u00e9mocratie, au pouvoir. Il semble ainsi impossible pour le mouvement de la D\u00e9croissance d&rsquo;adopter les formes d&rsquo;organisations politiques traditionnelles et encore moins leurs strat\u00e9gies orient\u00e9es vers la prise de pouvoir, qu&rsquo;elle soit institutionnelle ou r\u00e9volutionnaire. Dans leurs natures, elles sont incompatibles avec nos id\u00e9es et notre projet.<\/p>\n<p style=\"text-align: center;\"><em>\u00ab La D\u00e9croissance ne doit pas seulement \u00eatre le but d\u2019un tel projet mais aussi son chemin et sa m\u00e9thode. \u00bb <\/em>(6)<em><br \/>\n<\/em><\/p>\n<p style=\"text-align: left;\">Lors des r\u00e9flexions et des travaux que nous avons effectu\u00e9 dans la dynamique de la campagne Europe-D\u00e9croissance en France, nous nous sommes orient\u00e9s vers une strat\u00e9gie dite de masse critique, ou comment changer la soci\u00e9t\u00e9 sans prendre le pouvoir (7), en commen\u00e7ant ici et maintenant, et en luttant contre les pouvoirs existants (8). C&rsquo;est le grand apport des alternatives concr\u00e8tes : une nouvelle pratique de la politique dans laquelle le faire prend le dessus sur le d\u00e9sir de pouvoir et de domination. En fait, il s&rsquo;agit de se r\u00e9approprier le pouvoir de faire contre la logique de pouvoir sur. En effet, notre d\u00e9marche non-\u00e9lectoraliste (9) s&rsquo;inscrit dans une approche de la politique en rupture avec l&rsquo;illusion que la prise de pouvoir est un pr\u00e9alable \u00e0 tout changement de soci\u00e9t\u00e9. Notre libert\u00e9 de parole, de ton et surtout notre caract\u00e8re d\u00e9sint\u00e9ress\u00e9 nous offre une grande amplitude pour jouer ce r\u00f4le de poil \u00e0 gratter id\u00e9ologique, de force de proposition de nouvelles id\u00e9es, d&rsquo;initiateurs de d\u00e9bats et d&rsquo;alternatives concr\u00e8tes.<\/p>\n<p>De m\u00eame, cette coh\u00e9rence doit se reconna\u00eetre dans la vie de notre mouvement, organis\u00e9 en r\u00e9seau autour de collectifs locaux, de collectifs th\u00e9matiques, d&rsquo;alternatives concr\u00e8tes, se retrouvant lors de projets communs comme des s\u00e9minaires, des livres, des \u00e9lections, des colloques, des festivals, des manifestations&#8230;<br \/>\nL&rsquo;ensemble de nos projets et actions doit repr\u00e9senter un \u00ab pas de c\u00f4t\u00e9 \u00bb, en se posant continuellement la question, avec humilit\u00e9 et respect, de la coh\u00e9rence entre la pens\u00e9e, le chemin et la m\u00e9thode. Chacune des exp\u00e9riences que nous partageons, qu&rsquo;elles soient r\u00e9ussies ou non, sont autant d&rsquo;\u00e9l\u00e9ments que nous apportons \u00e0 la construction de cette transition vers des soci\u00e9t\u00e9s de D\u00e9croissance soutenables et surtout souhaitables, sans jamais perdre de vue que sa diversit\u00e9 est ce qui en fait \u00e0 la fois sa richesse et sa coh\u00e9rence.<\/p>\n<p>Cette d\u00e9marche peut \u00eatre compl\u00e9mentaire de celle des partis traditionnels dont la strat\u00e9gie privil\u00e9gie la prise de pouvoir pr\u00e9alable. En effet, ces partis, soumis \u00e0 l&rsquo;agenda \u00e9lectoral et contraint par la r\u00e9alit\u00e9 du financement des partis politiques ont \u00e0 adapter leurs discours et strat\u00e9gies au syst\u00e8me. Toutefois certains de leurs membres partagent nos id\u00e9es et peuvent \u00eatre des relais pour \u00e0 la fois communiquer sur nos id\u00e9es et nous permettre d&rsquo;initier ou de faire vivre nos alternatives concr\u00e8tes \u00e0 travers des lois et\/ou des financements publics. Par contre, cela doit se faire en renversant l&rsquo;imaginaire politique dominant qui laisse croire que tout viendra d&rsquo;en haut et qu&rsquo;il suffit de bien voter pour que tout aille mieux demain : ce n&rsquo;est pas l&rsquo;\u00e9lu qui fait \u00e0 la place du citoyen. L&rsquo;\u00e9lu permet aux citoyens de faire.<\/p>\n<p>Changer de soci\u00e9t\u00e9 pourrait bien \u00eatre la cons\u00e9quence d&rsquo;une raison imp\u00e9rieuse que nous imposerait une nature devenue moins g\u00e9n\u00e9reuse voire plus violente. Les d\u00e9croissants, s&rsquo;ils adh\u00e8rent \u00e9videmment \u00e0 la \u00ab n\u00e9cessit\u00e9 \u00bb du changement, souscrivent aussi et peut-\u00eatre avant tout \u00e0 sa \u00ab souhaitabilit\u00e9 \u00bb. La D\u00e9croissance n&rsquo;est pas l&rsquo;acceptation r\u00e9sign\u00e9e de contraintes \u00e9cologiques mais bien la formulation raisonn\u00e9e d&rsquo;un id\u00e9al de soci\u00e9t\u00e9. A l&rsquo;inverse, nous assistons aujourd&rsquo;hui \u00e0 un d\u00e9sarroi id\u00e9ologique profond, que ce soit \u00e0 gauche ou \u00e0 droite. La fin proche du p\u00e9trole, l&rsquo;accroissement des in\u00e9galit\u00e9s conduisent \u00e0 entrevoir un possible effondrement de notre civilisation. D\u00e8s lors, le risque de mise en place de politiques fascistes, voire \u00e9cofascistes sera fort (10), et \u00e0 la D\u00e9croissance choisie se substituera une r\u00e9cession subie. La D\u00e9croissance propose d&rsquo;anticiper d\u00e8s maintenant ces changements afin d&rsquo;initier une transition vers des soci\u00e9t\u00e9s soutenables et souhaitables, transition qui ne peut \u00eatre autre chose que le r\u00e9sultat d&rsquo;un choix d\u00e9mocratique, avec une forte adh\u00e9sion et participation \u00e0 nos id\u00e9es.<\/p>\n<p>En effet, en coh\u00e9rence avec notre strat\u00e9gie de masse critique et surtout de ne pas attendre un grand soir illusoire, nous devons commencer ici et maintenant \u00e0 nous r\u00e9approprier nos choix de vie. L&rsquo;enjeu est plus de trouver des leviers par lesquels on peut initier une resocialisation de la politique et une repolitisation de la soci\u00e9t\u00e9, en rappelant que la politique ne s&rsquo;arr\u00eate pas au jeu \u00e9lectoral comme le syst\u00e8me souhaite nous le faire croire. La politique, c&rsquo;est la vie de la cit\u00e9. Il s&rsquo;agit de reconstituer des communaut\u00e9s humaines localement, des collectifs, des solidarit\u00e9s, dans une soci\u00e9t\u00e9 o\u00f9 l&rsquo;individualisme et le culte de la personne, mais aussi l&rsquo;illusion de toute puissance, le d\u00e9ni de notre interd\u00e9pendance les un-e-s par rapport aux autres participent \u00e0 la d\u00e9politisation de la soci\u00e9t\u00e9.<\/p>\n<p>La myriade d&rsquo;alternatives concr\u00e8tes, aussi diverses, cr\u00e9atives, imaginatives, innovantes que l&rsquo;on peut voir ici et l\u00e0 constitue un espoir de r\u00e9appropriation de la politique et donc de transition d\u00e9mocratique vers des soci\u00e9t\u00e9s de D\u00e9croissance, \u00e0 condition qu&rsquo;elles convergent en s&rsquo;inscrivent dans le tissage d&rsquo;un r\u00e9seau s&rsquo;appuyant sur les diff\u00e9rents niveaux politiques de la D\u00e9croissance. Il s&rsquo;agit donc bien de faire de la politique, mais autrement, non pas pour prendre le pouvoir mais pour faire avancer nos id\u00e9es, nos projets, pour que la r\u00e9flexion et la r\u00e9appropriation de nos choix de vie remplacent la consommation et l&rsquo;acceptation d\u00e9senchant\u00e9e d&rsquo;une r\u00e9alit\u00e9 sociale mortif\u00e8re.<\/p>\n<p style=\"text-align: right;\">Vincent Liegey<br \/>\nMembre du Parti Pour La D\u00e9croissance et du collectif D\u00e9croissance 2012.<br \/>\nEffectue un doctorat sur la D\u00e9croissance \u00e0 l&rsquo;universit\u00e9 d&rsquo;\u00e9conomie de Budapest.<\/p>\n<p style=\"text-align: left;\">(1) Plate-forme de convergence de l&rsquo;AdOC : http:\/\/www.partipourladecroissance.net\/?page_id=4708<br \/>\n(2) D\u00e9marche individualiste consistant \u00e0 se pr\u00e9parer aux crises \u00e0 venir de mani\u00e8re individuelle et\/ou communautaire. Cela peut m\u00eame consister \u00e0 s&rsquo;armer pour prot\u00e9ger son jardin en attendant les hordes d&rsquo;affam\u00e9s. On retrouve cette d\u00e9marche particuli\u00e8rement en Am\u00e9rique du Nord. Lire la D\u00e9croissance n\u00b052, septembre 2008, Survivre aux survivalistes, par Paul Ari\u00e8s.<br \/>\n(3) Voir par exemple la loi Loppsi 2 et l&rsquo;interdiction des Yourtes.<br \/>\n(4) Comme par exemple nos travaux sur la Dotation Inconditionnelle d&rsquo;Autonomie (DIA) coupl\u00e9e \u00e0 un revenu maximum autoris\u00e9 (RMA) : http:\/\/www.partipourladecroissance.net\/?p=4144<br \/>\n(5) Voir par exemple la campagne D\u00e9croissance 2012 : www.decroissance2012.fr<br \/>\n(6) Plate-forme de convergence de l&rsquo;AdOC : http:\/\/www.partipourladecroissance.net\/?page_id=4708<br \/>\n(7) John Holloway, 2008, Changer le monde sans prendre le pouvoir, Sillepse, 320 p.<br \/>\n(8) Benasayag M., Sztulwark D., 2002, Du contre-pouvoir, La D\u00e9couverte, 166 p.<br \/>\n(9) Participer \u00e0 des \u00e9lections de mani\u00e8re non-\u00e9lectoraliste consiste \u00e0 instrumentaliser les \u00e9lections pour ce qu&rsquo;elles repr\u00e9sentent comme opportunit\u00e9 de faire entrer la D\u00e9croissance dans le d\u00e9bat public. De m\u00eame elles permettent de faire se rencontrer au niveau local des Objectrices et Objecteurs de croissance et ainsi faire vivre des groupes locaux. Cette strat\u00e9gie prot\u00e8ge aussi du pi\u00e8ge \u00e9lectoraliste : ne pas avoir \u00e0 adapter le discours dans le seul but d&rsquo;obtenir un score suffisant permettant de b\u00e9n\u00e9ficier du financement public ou permettant d&rsquo;avoir des \u00e9lus.<br \/>\n(10) Voir La D\u00e9croissance, novembre 2010 (n\u00b074), La D\u00e9croissance sera t-elle autoritaire, avec les contributions de Yves Cochet, Florence Leray et Vincent Liegey : <a href=\"http:\/\/www.partipourladecroissance.net\/?p=5008\">http:\/\/www.partipourladecroissance.net\/?p=5008<\/a><\/p>\n","protected":false},"excerpt":{"rendered":"<p>Repolitiser la soci\u00e9t\u00e9, resocialiser la politique Quelle strat\u00e9gie politique pour une transition d\u00e9mocratique et sereine vers des soci\u00e9t\u00e9s soutenables et souhaitables de D\u00e9croissance Depuis le d\u00e9but des ann\u00e9es 2000 et en particulier ces derni\u00e8res ann\u00e9es, on assiste \u00e0 l&rsquo;\u00e9mergence d&rsquo;initiatives &hellip; <a href=\"http:\/\/www.projet-decroissance.net\/?page_id=399\">Continuer la lecture <span class=\"meta-nav\">&rarr;<\/span><\/a><\/p>\n","protected":false},"author":4,"featured_media":0,"parent":0,"menu_order":0,"comment_status":"closed","ping_status":"open","template":"","meta":{"footnotes":""},"class_list":["post-399","page","type-page","status-publish","hentry"],"_links":{"self":[{"href":"http:\/\/www.projet-decroissance.net\/index.php?rest_route=\/wp\/v2\/pages\/399","targetHints":{"allow":["GET"]}}],"collection":[{"href":"http:\/\/www.projet-decroissance.net\/index.php?rest_route=\/wp\/v2\/pages"}],"about":[{"href":"http:\/\/www.projet-decroissance.net\/index.php?rest_route=\/wp\/v2\/types\/page"}],"author":[{"embeddable":true,"href":"http:\/\/www.projet-decroissance.net\/index.php?rest_route=\/wp\/v2\/users\/4"}],"replies":[{"embeddable":true,"href":"http:\/\/www.projet-decroissance.net\/index.php?rest_route=%2Fwp%2Fv2%2Fcomments&post=399"}],"version-history":[{"count":1,"href":"http:\/\/www.projet-decroissance.net\/index.php?rest_route=\/wp\/v2\/pages\/399\/revisions"}],"predecessor-version":[{"id":400,"href":"http:\/\/www.projet-decroissance.net\/index.php?rest_route=\/wp\/v2\/pages\/399\/revisions\/400"}],"wp:attachment":[{"href":"http:\/\/www.projet-decroissance.net\/index.php?rest_route=%2Fwp%2Fv2%2Fmedia&parent=399"}],"curies":[{"name":"wp","href":"https:\/\/api.w.org\/{rel}","templated":true}]}}