{"id":451,"date":"2012-11-29T19:56:06","date_gmt":"2012-11-29T19:56:06","guid":{"rendered":"http:\/\/www.projet-decroissance.net\/?page_id=451"},"modified":"2012-12-29T20:13:53","modified_gmt":"2012-12-29T20:13:53","slug":"pour-arreter-le-massacre-ni-austerite-ni-relance-mais-la-decroissance","status":"publish","type":"page","link":"http:\/\/www.projet-decroissance.net\/?page_id=451","title":{"rendered":"Pour arr\u00eater le massacre : ni aust\u00e9rit\u00e9, ni relance, mais la D\u00e9croissance !"},"content":{"rendered":"<p><img loading=\"lazy\" decoding=\"async\" class=\"alignleft\" alt=\"\" src=\"http:\/\/www.partipourladecroissance.net\/wp-content\/uploads\/2008\/12\/logo-ppld.gif\" width=\"118\" height=\"68\" \/><strong>Le peuple grec subit en ce moment un plan d\u2019aust\u00e9rit\u00e9 sans \u00e9quivalent organis\u00e9 par un gouvernement non l\u00e9gitime au service des banques, du FMI et de l&rsquo;Euro.<\/strong><\/p>\n<p>Dans la nuit de dimanche 12 f\u00e9vrier, le Parlement grec a ent\u00e9rin\u00e9 un plan qui peut \u00eatre qualifi\u00e9 de \u00ab pauvret\u00e9 \u00bb (mais dans une soci\u00e9t\u00e9 pr\u00f4nant l&rsquo;abondance) puisqu&rsquo;il conditionne l\u2019aide financi\u00e8re internationale (du FMI et de l&rsquo;Europe) \u00e0 des mesures draconiennes et antisociales sans pr\u00e9c\u00e9dent : baisse du salaire minimum, suppression d\u2019emplois publics, coupes dans les retraites, r\u00e9duction des d\u00e9penses de sant\u00e9 et poursuite du programme de privatisations.<\/p>\n<p>C&rsquo;est bien l&rsquo;obligation de rembourser sa dette qui a conduit le Parlement grec \u00e0 adopter un tel plan qui fait suite aux plans d\u2019aust\u00e9rit\u00e9\u00a0 pr\u00e9c\u00e9dents.<!--more--><\/p>\n<p>La Dette grecque a plong\u00e9 de plus de 30 % entre 2008 et 2011. Pendant le m\u00eame temps, son PIB a baiss\u00e9 de plus de 10%, tandis que le ch\u00f4mage a augment\u00e9\u00a0 pour atteindre 18%. Et, avec un taux d\u2019int\u00e9r\u00eat officiel \u00e0 32%, il va de soi que la Gr\u00e8ce ne peut plus se financer sur les march\u00e9s. Et pour longtemps. Car le poids de la dette sur la cr\u00e9ation de richesse n\u2019a jamais cess\u00e9 d\u2019augmenter. Et, sauf annulation massive de la dette, la dynamique enclench\u00e9e continuera d\u00e9sormais dans une spirale infernale jusqu\u2019\u00e0 un appauvrissement encore plus grand.<\/p>\n<p>Ce plan fait donc suite \u00e0 la crise de la dette et l&rsquo;obligation de se serrer la ceinture pour sauver la finance. Le choix des parlementaires a \u00e9t\u00e9 de sauver l&rsquo;Euro mais, plus globalement de maintenir une soci\u00e9t\u00e9 de croissance certes malade mais toujours pr\u00e9sent\u00e9e comme notre seul horizon, l&rsquo;avenir radieux des occidentaux.<\/p>\n<p>Or, comme nous l&rsquo;avions d\u00e9j\u00e0 \u00e9voqu\u00e9 lors d&rsquo;un pr\u00e9c\u00e9dent communiqu\u00e9, les plans d\u2019aust\u00e9rit\u00e9 entra\u00eenent une d\u00e9gradation et une instabilit\u00e9 sociale forte car ils touchent les plus d\u00e9favoris\u00e9s. L\u2019objectif de l\u2019aust\u00e9rit\u00e9 est de retrouver la croissance \u00e9conomique qui, une fois de retour, provoquera une crise encore plus d\u00e9vastatrice. Le capitalisme tourne en rond en laissant \u00e0 ses marges de plus en plus de personnes s\u2019appauvrir.<\/p>\n<p>C&rsquo;est pour ces raisons que le peuple grec est dans la rue. La Gr\u00e8ce, berceau de l&rsquo;id\u00e9e de d\u00e9mocratie, semble peut-\u00eatre ouvrir la voie du combat \u00e0 mener contre une corruption d\u00e9mocratique qu\u2019aggrave partout la pression des multinationales et des mafias de l\u2019oligarchie financi\u00e8re.<\/p>\n<p>Confront\u00e9 de plein fouet par une crise sociale sans pr\u00e9c\u00e9dent, se manifeste une r\u00e9sistance qui tranche avec une certaine inertie des autres pays d\u2019Europe, anesth\u00e9si\u00e9s depuis des d\u00e9cennies par l\u2019emprise du consum\u00e9risme et par les impostures de l\u2019id\u00e9ologie n\u00e9olib\u00e9rale, griffes dans lesquelles \u00e9tait \u00e9galement bien prise la population grecque.<\/p>\n<p>Si le PPLD se montre solidaire avec ce mouvement car toute mesure politique aboutissant \u00e0 une d\u00e9gradation sociale, culturelle ne peut aucunement se justifier par des crit\u00e8res \u00e9conomiques, nous demandons surtout<\/p>\n<ul>\n<li>De ne pas rembourser la part de la dette qui est ill\u00e9gitime.<\/li>\n<li>De stopper la cr\u00e9ation mon\u00e9taire priv\u00e9e et la rendre publique en conf\u00e9rant ce pouvoir aux banques publiques (nationales et locales) et de promouvoir la mise en place de monnaies alternatives fondantes associ\u00e9es \u00e0 des projets de transition comme la relocalisation de l\u2019\u00e9conomie, par exemple.<\/li>\n<li>D\u2019instaurer un revenu maximal autoris\u00e9, plafond au del\u00e0 duquel l\u2019\u00e9tat pr\u00e9l\u00e8ve l\u2019exc\u00e9dent en tant qu\u2019imp\u00f4ts.<\/li>\n<li>De mettre en place une <a href=\"http:\/\/www.partipourladecroissance.net\/?p=4144\">Dotation Inconditionnelle d\u2019Autonomie<\/a> (DIA), outil politique, \u00e9conomique et social de transition et d\u2019\u00e9mancipation capable d\u2019initier une repolitisation de la soci\u00e9t\u00e9. Cette dotation pourra \u00eatre d\u2019abord vers\u00e9e sous forme de revenu d\u2019existence, puis ensuite d\u00e9clin\u00e9e sous forme de droits d\u2019acc\u00e8s (sant\u00e9, \u00e9ducation), de tirage (eau, \u00e9nergie) et de monnaies alternatives fondantes (produits de premi\u00e8re n\u00e9cessit\u00e9 locaux et bio, services).<\/li>\n<\/ul>\n<p>Le PPLD s\u2019associe partout o\u00f9 il le peut au mouvement citoyen pour un audit public de la dette et se positionne plus que jamais pour une d\u00e9mocratie r\u00e9elle qui oriente l\u2019\u00e9conomie au service des peuples. Le syst\u00e8me capitaliste ayant fait la preuve de son incapacit\u00e9 \u00e0 faire \u00e9voluer l\u2019humanit\u00e9 en harmonie avec la plan\u00e8te, nous demandons en cette p\u00e9riode charni\u00e8re que soit \u00e9tudi\u00e9 le projet d\u2019un autre type de civilisation : le projet de la D\u00e9croissance.<\/p>\n<p style=\"text-align: right;\">Parti Pour La D\u00e9croissance<\/p>\n<p><strong>Pour aller plus loin :<\/strong><\/p>\n<ul>\n<li>AAA : le drame est-il celui qu\u2019on croit ? :\u00a0<a href=\"http:\/\/www.projet-decroissance.net\/?page_id=438\">http:\/\/www.projet-decroissance.net\/?page_id=438<\/a><\/li>\n<li>Attac s\u2019adresse aux candidats \u00e0 la pr\u00e9sidentielle : voici la r\u00e9ponse de la candidatE de la D\u00e9croissance : <a href=\"http:\/\/www.decroissance2012.fr\/?p=357\">http:\/\/www.decroissance2012.fr\/?p=357<\/a><\/li>\n<li>Crise de la dette : le plan B est dans l\u2019oBjection de croissance :\u00a0<a href=\"http:\/\/www.projet-decroissance.net\/?p=411\">http:\/\/www.projet-decroissance.net\/?p=411<\/a><\/li>\n<li>Vid\u00e9o : 7. Crise de la dette et D\u00e9croissance : le plan B<a href=\"http:\/\/www.partipourladecroissance.net\/?p=6918\"> http:\/\/www.partipourladecroissance.net\/?p=6918<\/a><\/li>\n<li><a href=\"http:\/\/www.partipourladecroissance.net\/?p=4717\">R\u00e9ponses aux \u00e9conomistes qui nous gouvernent<\/a><\/li>\n<li><a href=\"http:\/\/www.partipourladecroissance.net\/?p=7662\">Avec Hollande, les catastrophes, c&rsquo;est maintenant<\/a><\/li>\n<li><a href=\"http:\/\/www.projet-decroissance.net\/?p=459\">Lettre ouverte \u00e0 Fran\u00e7ois Hollande : Transformons la trag\u00e9die sociale d&rsquo;Aulnay-Sous-Bois en une opportunit\u00e9 de transition \u00e9cologique et \u00e9conomique vers un avenir souhaitable !<\/a><\/li>\n<li><a href=\"http:\/\/www.partipourladecroissance.net\/?p=7273\">Meadows : \u00ab\u00a0La croissance mondiale va s&rsquo;arr\u00eater\u00a0\u00bb&#8230; Et alors ?<\/a><\/li>\n<\/ul>\n","protected":false},"excerpt":{"rendered":"<p>Le peuple grec subit en ce moment un plan d\u2019aust\u00e9rit\u00e9 sans \u00e9quivalent organis\u00e9 par un gouvernement non l\u00e9gitime au service des banques, du FMI et de l&rsquo;Euro. Dans la nuit de dimanche 12 f\u00e9vrier, le Parlement grec a ent\u00e9rin\u00e9 un &hellip; <a href=\"http:\/\/www.projet-decroissance.net\/?page_id=451\">Continuer la lecture <span class=\"meta-nav\">&rarr;<\/span><\/a><\/p>\n","protected":false},"author":4,"featured_media":0,"parent":0,"menu_order":0,"comment_status":"closed","ping_status":"open","template":"","meta":{"footnotes":""},"class_list":["post-451","page","type-page","status-publish","hentry"],"_links":{"self":[{"href":"http:\/\/www.projet-decroissance.net\/index.php?rest_route=\/wp\/v2\/pages\/451","targetHints":{"allow":["GET"]}}],"collection":[{"href":"http:\/\/www.projet-decroissance.net\/index.php?rest_route=\/wp\/v2\/pages"}],"about":[{"href":"http:\/\/www.projet-decroissance.net\/index.php?rest_route=\/wp\/v2\/types\/page"}],"author":[{"embeddable":true,"href":"http:\/\/www.projet-decroissance.net\/index.php?rest_route=\/wp\/v2\/users\/4"}],"replies":[{"embeddable":true,"href":"http:\/\/www.projet-decroissance.net\/index.php?rest_route=%2Fwp%2Fv2%2Fcomments&post=451"}],"version-history":[{"count":5,"href":"http:\/\/www.projet-decroissance.net\/index.php?rest_route=\/wp\/v2\/pages\/451\/revisions"}],"predecessor-version":[{"id":454,"href":"http:\/\/www.projet-decroissance.net\/index.php?rest_route=\/wp\/v2\/pages\/451\/revisions\/454"}],"wp:attachment":[{"href":"http:\/\/www.projet-decroissance.net\/index.php?rest_route=%2Fwp%2Fv2%2Fmedia&parent=451"}],"curies":[{"name":"wp","href":"https:\/\/api.w.org\/{rel}","templated":true}]}}