{"id":606,"date":"2013-01-07T18:48:09","date_gmt":"2013-01-07T18:48:09","guid":{"rendered":"http:\/\/www.projet-decroissance.net\/?page_id=606"},"modified":"2013-01-07T18:56:36","modified_gmt":"2013-01-07T18:56:36","slug":"comment-ce-livre-est-finance","status":"publish","type":"page","link":"http:\/\/www.projet-decroissance.net\/?page_id=606","title":{"rendered":"Comment ce livre est financ\u00e9 ?"},"content":{"rendered":"<p><img loading=\"lazy\" decoding=\"async\" class=\"alignleft\" title=\"utopia\" alt=\"\" src=\"http:\/\/festivaldesutopiesconcretes.org\/wp-content\/uploads\/2012\/09\/utopia.jpg\" width=\"243\" height=\"114\" \/><a href=\"http:\/\/www.projet-decroissance.net\/\" target=\"_blank\"><em>Un projet de D\u00e9croissance<\/em><\/a> est publi\u00e9 aux <a href=\"http:\/\/editionutopia.wordpress.com\/editions-utopia\/\" target=\"_blank\">\u00e9ditions Utopia<\/a>. Il est le fruit de discussions, r\u00e9flexions et d\u00e9bats au sein du mouvement de la D\u00e9croissance mais surtout d&rsquo;une coop\u00e9ration b\u00e9n\u00e9vole entre les quatre co-auteurs pendant plus de deux ans. L&rsquo;\u00e9dition de ce livre, la relecture, la mise en page ont aussi \u00e9t\u00e9 faite de mani\u00e8re b\u00e9n\u00e9vole, sauf la derni\u00e8re \u00e9tape et bien s\u00fbr l&rsquo;impression sont faites par des professionnels r\u00e9mun\u00e9r\u00e9s.Son prix de vente est de 7 euros, prix volontairement bas pour favoriser sa diffusion, et le tirage sera de 2000 exemplaires. Le but n&rsquo;est pas de gagner de l&rsquo;argent mais de participer \u00e0 la vie d&rsquo;une maison d&rsquo;\u00e9dition jeune au statut associatif et dont tous les membres sont b\u00e9n\u00e9voles,qui pour reprendre l\u2019expression d\u2019Andr\u00e9 Gorz, se doit d\u2019avoir \u00ab une valeur de nuisance f\u00e9conde \u00bb.<\/p>\n<p><img loading=\"lazy\" decoding=\"async\" class=\"alignright\" alt=\"\" src=\"http:\/\/www.projet-decroissance.net\/wp-content\/uploads\/2012\/12\/manifeste-dia-couverture140.jpg\" width=\"140\" height=\"230\" \/><\/p>\n<p>Le but est aussi de financer la distribution du livre, l&rsquo;organisation de discussions-d\u00e9bats autour du livre, autour de la D\u00e9croissance.<\/p>\n<p>Ainsi, nous allons essayer, sur notre temps libre, de distribuer ce livre de mani\u00e8re militante, afin d&rsquo;\u00e9viter au maximum les r\u00e9seaux de distribution classiques (la diffusion via le r\u00e9seau des libraires, utile pour la visibilit\u00e9 et la facilit\u00e9 d&rsquo;obtention du livre, repr\u00e9sente plus de 60% du prix de l&rsquo;ouvrage, entre le libraire, le diffuseur et le distributeur).<\/p>\n<p>Acheter ce livre est ainsi un geste militant, le partager aussi. En plus \u00e7a permettra \u00e0 d&rsquo;autres livres de voir le jour.<\/p>\n<p>Enfin, ce livre est en <a href=\"http:\/\/fr.wikipedia.org\/wiki\/Creative_Commons\" target=\"_blank\">Creative Commons<\/a>, ainsi nous proposerons dans les semaines \u00e0 venir la publication de passages sur notre site.<\/p>\n","protected":false},"excerpt":{"rendered":"<p>Un projet de D\u00e9croissance est publi\u00e9 aux \u00e9ditions Utopia. Il est le fruit de discussions, r\u00e9flexions et d\u00e9bats au sein du mouvement de la D\u00e9croissance mais surtout d&rsquo;une coop\u00e9ration b\u00e9n\u00e9vole entre les quatre co-auteurs pendant plus de deux ans. L&rsquo;\u00e9dition &hellip; <a href=\"http:\/\/www.projet-decroissance.net\/?page_id=606\">Continuer la lecture <span class=\"meta-nav\">&rarr;<\/span><\/a><\/p>\n","protected":false},"author":3,"featured_media":0,"parent":0,"menu_order":0,"comment_status":"closed","ping_status":"open","template":"","meta":{"footnotes":""},"class_list":["post-606","page","type-page","status-publish","hentry"],"_links":{"self":[{"href":"http:\/\/www.projet-decroissance.net\/index.php?rest_route=\/wp\/v2\/pages\/606","targetHints":{"allow":["GET"]}}],"collection":[{"href":"http:\/\/www.projet-decroissance.net\/index.php?rest_route=\/wp\/v2\/pages"}],"about":[{"href":"http:\/\/www.projet-decroissance.net\/index.php?rest_route=\/wp\/v2\/types\/page"}],"author":[{"embeddable":true,"href":"http:\/\/www.projet-decroissance.net\/index.php?rest_route=\/wp\/v2\/users\/3"}],"replies":[{"embeddable":true,"href":"http:\/\/www.projet-decroissance.net\/index.php?rest_route=%2Fwp%2Fv2%2Fcomments&post=606"}],"version-history":[{"count":6,"href":"http:\/\/www.projet-decroissance.net\/index.php?rest_route=\/wp\/v2\/pages\/606\/revisions"}],"predecessor-version":[{"id":614,"href":"http:\/\/www.projet-decroissance.net\/index.php?rest_route=\/wp\/v2\/pages\/606\/revisions\/614"}],"wp:attachment":[{"href":"http:\/\/www.projet-decroissance.net\/index.php?rest_route=%2Fwp%2Fv2%2Fmedia&parent=606"}],"curies":[{"name":"wp","href":"https:\/\/api.w.org\/{rel}","templated":true}]}}