{"id":62,"date":"2012-12-25T07:18:57","date_gmt":"2012-12-25T07:18:57","guid":{"rendered":"http:\/\/www.projet-decroissance.net\/?page_id=62"},"modified":"2013-01-02T18:05:17","modified_gmt":"2013-01-02T18:05:17","slug":"nos-communiques","status":"publish","type":"page","link":"http:\/\/www.projet-decroissance.net\/?page_id=62","title":{"rendered":"La D\u00e9croissance : un mouvement multidimensionnel"},"content":{"rendered":"<div id=\"lipsum\">\n<p>Dans cette partie, nous proposons une pr\u00e9sentation du mouvement de la D\u00e9croissance et de sa diversit\u00e9 :<\/p>\n<ul>\n<li><a href=\"http:\/\/www.projet-decroissance.net\/?page_id=395\">Mais quelle id\u00e9e de cr\u00e9er un Parti pour la D\u00e9croissance ?<\/a><\/li>\n<li><a href=\"http:\/\/www.projet-decroissance.net\/?page_id=380\">Les marmites de la D\u00e9croissance en \u00e9bullition<\/a><\/li>\n<li><a href=\"http:\/\/www.projet-decroissance.net\/?page_id=497\">Plate-forme de convergence propos\u00e9e par l\u2019AdOC<\/a><\/li>\n<li><a href=\"http:\/\/www.projet-decroissance.net\/?page_id=203\">\u00ab La saloperie que nous n\u2019ach\u00e8terons pas \u00bb (*)<\/a><\/li>\n<li><a href=\"http:\/\/www.partipourladecroissance.net\/?page_id=4819\" target=\"_blank\">G\u00e9n\u00e9alogie des mouvements politique de la D\u00e9croissance en France<\/a><\/li>\n<\/ul>\n<\/div>\n<p><iframe loading=\"lazy\" src=\"http:\/\/player.vimeo.com\/video\/35594898\" height=\"281\" width=\"500\" allowfullscreen=\"\" frameborder=\"0\"><\/iframe><\/p>\n<p><a href=\"http:\/\/vimeo.com\/35594898\">4. La D\u00e9croissance : l&rsquo;histoire d&rsquo;un mouvement<\/a><\/p>\n","protected":false},"excerpt":{"rendered":"<p>Dans cette partie, nous proposons une pr\u00e9sentation du mouvement de la D\u00e9croissance et de sa diversit\u00e9 : Mais quelle id\u00e9e de cr\u00e9er un Parti pour la D\u00e9croissance ? Les marmites de la D\u00e9croissance en \u00e9bullition Plate-forme de convergence propos\u00e9e par &hellip; <a href=\"http:\/\/www.projet-decroissance.net\/?page_id=62\">Continuer la lecture <span class=\"meta-nav\">&rarr;<\/span><\/a><\/p>\n","protected":false},"author":2,"featured_media":0,"parent":0,"menu_order":0,"comment_status":"closed","ping_status":"open","template":"","meta":{"footnotes":""},"class_list":["post-62","page","type-page","status-publish","hentry"],"_links":{"self":[{"href":"http:\/\/www.projet-decroissance.net\/index.php?rest_route=\/wp\/v2\/pages\/62","targetHints":{"allow":["GET"]}}],"collection":[{"href":"http:\/\/www.projet-decroissance.net\/index.php?rest_route=\/wp\/v2\/pages"}],"about":[{"href":"http:\/\/www.projet-decroissance.net\/index.php?rest_route=\/wp\/v2\/types\/page"}],"author":[{"embeddable":true,"href":"http:\/\/www.projet-decroissance.net\/index.php?rest_route=\/wp\/v2\/users\/2"}],"replies":[{"embeddable":true,"href":"http:\/\/www.projet-decroissance.net\/index.php?rest_route=%2Fwp%2Fv2%2Fcomments&post=62"}],"version-history":[{"count":8,"href":"http:\/\/www.projet-decroissance.net\/index.php?rest_route=\/wp\/v2\/pages\/62\/revisions"}],"predecessor-version":[{"id":544,"href":"http:\/\/www.projet-decroissance.net\/index.php?rest_route=\/wp\/v2\/pages\/62\/revisions\/544"}],"wp:attachment":[{"href":"http:\/\/www.projet-decroissance.net\/index.php?rest_route=%2Fwp%2Fv2%2Fmedia&parent=62"}],"curies":[{"name":"wp","href":"https:\/\/api.w.org\/{rel}","templated":true}]}}