{"id":658,"date":"2013-02-04T17:20:04","date_gmt":"2013-02-04T17:20:04","guid":{"rendered":"http:\/\/www.projet-decroissance.net\/?page_id=658"},"modified":"2013-02-04T17:25:12","modified_gmt":"2013-02-04T17:25:12","slug":"sommaire","status":"publish","type":"page","link":"http:\/\/www.projet-decroissance.net\/?page_id=658","title":{"rendered":"Sommaire"},"content":{"rendered":"<p>Remerciements 8<br \/>\nAvant-propos 9<br \/>\nPr\u00e9face de Paul Ari\u00e8s 11<\/p>\n<p><strong>1. Pourquoi la D\u00e9croissance ? 15<\/strong><br \/>\nLe probl\u00e8me, c\u2019est la Croissance ! 16<br \/>\nPenser autrement pour faire un pas de c\u00f4t\u00e9, les chemins de la D\u00e9croissance 21<br \/>\n<span style=\"color: #ffffff;\">&#8230;&#8230;&#8230;.<\/span>Aux origines de la D\u00e9croissance 21<br \/>\n<span style=\"color: #ffffff;\">&#8230;&#8230;&#8230;.<\/span>La D\u00e9croissance, l\u2019histoire d\u2019un mot 25<br \/>\n<span style=\"color: #ffffff;\">&#8230;&#8230;&#8230;.<\/span>La D\u00e9croissance, mais c\u2019est quoi ce mot repoussoir ? 26<br \/>\n<span style=\"color: #ffffff;\">&#8230;&#8230;&#8230;.<\/span>La D\u00e9croissance, un OVNI politique 28<br \/>\n<span style=\"color: #ffffff;\">&#8230;&#8230;&#8230;.<\/span>Les chemins de la D\u00e9croissance 30<\/p>\n<p><em><strong>2. La Dotation Inconditionnelle d\u2019Autonomie : un projet de D\u00e9croissance 36<br \/>\n<\/strong><\/em><strong>Tableau 1 :<\/strong> Contenu de la DIA,<br \/>\nprojet de D\u00e9croissance et outil de transition 43<\/p>\n<p><strong>3. Pourquoi une Dotation Inconditionnelle d\u2019Autonomie ? 47<\/strong><br \/>\nUn outil social 47<br \/>\n<span style=\"color: #ffffff;\">&#8230;&#8230;&#8230;.<\/span>Une dotation pour une d\u00e9croissance des in\u00e9galit\u00e9s 47<br \/>\n<span style=\"color: #ffffff;\">&#8230;&#8230;&#8230;.<\/span>Une dotation pour sortir de la soci\u00e9t\u00e9 de l\u2019ins\u00e9curit\u00e9 permanente 51<br \/>\n<span style=\"color: #ffffff;\">&#8230;&#8230;&#8230;.<\/span>Une dotation pour se lib\u00e9rer de l\u2019asservissement au travail 53<br \/>\nUn outil \u00e9conomique 58<br \/>\n<span style=\"color: #ffffff;\">&#8230;&#8230;&#8230;.<\/span>Une dotation pour une sortie du capitalisme 58<br \/>\n<span style=\"color: #ffffff;\">&#8230;&#8230;&#8230;.<\/span>Une dotation pour une sortie de la religion de l\u2019\u00e9conomie 60<br \/>\n<span style=\"color: #ffffff;\">&#8230;&#8230;&#8230;.<\/span>Une dotation pour une relocalisation ouverte 65<br \/>\nUn outil politique 70<br \/>\n<span style=\"color: #ffffff;\">&#8230;&#8230;&#8230;.<\/span>Une dotation pour une d\u00e9mocratie r\u00e9elle 70<br \/>\n<span style=\"color: #ffffff;\">&#8230;&#8230;&#8230;.<\/span>Une dotation pour une autre Europe 76<br \/>\n<span style=\"color: #ffffff;\">&#8230;&#8230;&#8230;.<\/span>Une dotation pour un pacifi sme \u00e9clair\u00e9 79<br \/>\nLa Dotation Inconditionnelle d\u2019Autonomie, une m\u00e9thode et un chemin pour un projet de D\u00e9croissance soutenable et souhaitable 82<\/p>\n<p><strong>4. La Dotation Inconditionnelle d\u2019Autonomie, un contenu et un outil de transition 84<\/strong><br \/>\nUn contenu 85<br \/>\n<span style=\"color: #ffffff;\">&#8230;&#8230;&#8230;.<\/span>Droit au logement et acc\u00e8s au foncier 85<br \/>\n<span style=\"color: #ffffff;\">&#8230;&#8230;&#8230;.<\/span>Droit \u00e0 se nourrir dignement 91<br \/>\n<span style=\"color: #ffffff;\">&#8230;&#8230;&#8230;.<\/span>Droit de tirage sur les ressources naturelles et \u00e9nerg\u00e9tiques 98<br \/>\n<span style=\"color: #ffffff;\">&#8230;&#8230;&#8230;.<\/span>Droit \u00e0 la mobilit\u00e9 101<br \/>\nUn outil de transition 106<br \/>\n<span style=\"color: #ffffff;\">&#8230;&#8230;&#8230;.<\/span>Acc\u00e8s \u00e0 la sant\u00e9 106<br \/>\n<span style=\"color: #ffffff;\">&#8230;&#8230;&#8230;.<\/span>Acc\u00e8s \u00e0 l\u2019\u00e9ducation 110<br \/>\n<span style=\"color: #ffffff;\">&#8230;&#8230;&#8230;.<\/span>Acc\u00e8s \u00e0 la culture 115<br \/>\n<span style=\"color: #ffffff;\">&#8230;&#8230;&#8230;.<\/span>Droit \u00e0 l\u2019information 116<br \/>\nPerspectives 118<\/p>\n<p><strong>5. La Dotation Inconditionnelle d\u2019Autonomie : comment, quelle mise en place ? 120<\/strong><br \/>\n1er sc\u00e9nario : extension des alternatives concr\u00e8tes 120<br \/>\n2e sc\u00e9nario : mise en place d\u2019un RIE qui se d\u00e9cline vers une DIA 123<br \/>\n3e sc\u00e9nario : r\u00e9duction du temps de travail \u00e0 travers son partage 125<br \/>\nConvergences entre ces sc\u00e9narios 126<br \/>\n<strong>Tableau 2<\/strong> : Mise en place de la DIA 129<\/p>\n<p><strong>6. D\u00e9j\u00e0 des objections 130<\/strong><br \/>\nUne soci\u00e9t\u00e9 d\u2019oisifs assist\u00e9s ? 130<br \/>\nInconditionnelle ? Droits et devoirs\u2026 132<br \/>\nQuel financement pour la DIA ? 133<br \/>\nUne DIA coupl\u00e9e \u00e0 un RMA : et ma libert\u00e9 de consommer ? 136<br \/>\nLe risque d\u2019une immigration massive ? 137<\/p>\n<p><strong>7. Conclusion : l\u2019utopie d\u2019aujourd\u2019hui sera la r\u00e9alit\u00e9 de demain 139<\/strong><\/p>\n<p>Annexes<br \/>\nSites web 143<br \/>\nGlossaire 143<br \/>\nBibliographie 147<br \/>\nFilmographie 150<\/p>\n","protected":false},"excerpt":{"rendered":"<p>Remerciements 8 Avant-propos 9 Pr\u00e9face de Paul Ari\u00e8s 11 1. Pourquoi la D\u00e9croissance ? 15 Le probl\u00e8me, c\u2019est la Croissance ! 16 Penser autrement pour faire un pas de c\u00f4t\u00e9, les chemins de la D\u00e9croissance 21 &#8230;&#8230;&#8230;.Aux origines de la &hellip; <a href=\"http:\/\/www.projet-decroissance.net\/?page_id=658\">Continuer la lecture <span class=\"meta-nav\">&rarr;<\/span><\/a><\/p>\n","protected":false},"author":2,"featured_media":0,"parent":0,"menu_order":0,"comment_status":"closed","ping_status":"open","template":"","meta":{"footnotes":""},"class_list":["post-658","page","type-page","status-publish","hentry"],"_links":{"self":[{"href":"http:\/\/www.projet-decroissance.net\/index.php?rest_route=\/wp\/v2\/pages\/658","targetHints":{"allow":["GET"]}}],"collection":[{"href":"http:\/\/www.projet-decroissance.net\/index.php?rest_route=\/wp\/v2\/pages"}],"about":[{"href":"http:\/\/www.projet-decroissance.net\/index.php?rest_route=\/wp\/v2\/types\/page"}],"author":[{"embeddable":true,"href":"http:\/\/www.projet-decroissance.net\/index.php?rest_route=\/wp\/v2\/users\/2"}],"replies":[{"embeddable":true,"href":"http:\/\/www.projet-decroissance.net\/index.php?rest_route=%2Fwp%2Fv2%2Fcomments&post=658"}],"version-history":[{"count":4,"href":"http:\/\/www.projet-decroissance.net\/index.php?rest_route=\/wp\/v2\/pages\/658\/revisions"}],"predecessor-version":[{"id":661,"href":"http:\/\/www.projet-decroissance.net\/index.php?rest_route=\/wp\/v2\/pages\/658\/revisions\/661"}],"wp:attachment":[{"href":"http:\/\/www.projet-decroissance.net\/index.php?rest_route=%2Fwp%2Fv2%2Fmedia&parent=658"}],"curies":[{"name":"wp","href":"https:\/\/api.w.org\/{rel}","templated":true}]}}