{"id":68,"date":"2012-12-25T07:20:19","date_gmt":"2012-12-25T07:20:19","guid":{"rendered":"http:\/\/www.projet-decroissance.net\/?page_id=68"},"modified":"2013-05-12T16:45:58","modified_gmt":"2013-05-12T16:45:58","slug":"le-livre-extraits","status":"publish","type":"page","link":"http:\/\/www.projet-decroissance.net\/?page_id=68","title":{"rendered":"Le livre : extraits"},"content":{"rendered":"<div id=\"lipsum\">\n<ul>\n<li><a href=\"http:\/\/www.projet-decroissance.net\/?p=113\" target=\"_blank\">Couverture du livre<\/a><\/li>\n<li>\n<p style=\"display: inline !important;\"><a href=\"http:\/\/www.projet-decroissance.net\/?page_id=658\" target=\"_blank\">Sommaire<\/a><\/p>\n<\/li>\n<li><a href=\"http:\/\/www.projet-decroissance.net\/?page_id=241\" target=\"_blank\">Pr\u00e9face de Paul Ari\u00e8s<\/a><\/li>\n<li><a href=\"http:\/\/www.projet-decroissance.net\/?p=841 \" target=\"_blank\">Tableau r\u00e9capitulatif 1 : La Dotation Inconditionnelle d&rsquo;Autonomie : quels contenus ?<\/a><\/li>\n<li><a href=\"http:\/\/www.projet-decroissance.net\/?p=842\" target=\"_blank\">Tableau r\u00e9capitulatif 2 : La Dotation Inconditionnelle d&rsquo;Autonomie : quelles mises en place ?<\/a><\/li>\n<li><a href=\"http:\/\/v.calameo.com\/?bkcode=00098618935eb461e3535\" target=\"_blank\">Lire les premi\u00e8res pages du livre<\/a><\/li>\n<li><a href=\"http:\/\/www.projet-decroissance.net\/?p=12\" target=\"_blank\">4\u00e8me de couverture<\/a><\/li>\n<\/ul>\n<\/div>\n","protected":false},"excerpt":{"rendered":"<p>Couverture du livre Sommaire Pr\u00e9face de Paul Ari\u00e8s Tableau r\u00e9capitulatif 1 : La Dotation Inconditionnelle d&rsquo;Autonomie : quels contenus ? Tableau r\u00e9capitulatif 2 : La Dotation Inconditionnelle d&rsquo;Autonomie : quelles mises en place ? Lire les premi\u00e8res pages du livre &hellip; <a href=\"http:\/\/www.projet-decroissance.net\/?page_id=68\">Continuer la lecture <span class=\"meta-nav\">&rarr;<\/span><\/a><\/p>\n","protected":false},"author":2,"featured_media":0,"parent":0,"menu_order":0,"comment_status":"closed","ping_status":"open","template":"","meta":{"footnotes":""},"class_list":["post-68","page","type-page","status-publish","hentry"],"_links":{"self":[{"href":"http:\/\/www.projet-decroissance.net\/index.php?rest_route=\/wp\/v2\/pages\/68","targetHints":{"allow":["GET"]}}],"collection":[{"href":"http:\/\/www.projet-decroissance.net\/index.php?rest_route=\/wp\/v2\/pages"}],"about":[{"href":"http:\/\/www.projet-decroissance.net\/index.php?rest_route=\/wp\/v2\/types\/page"}],"author":[{"embeddable":true,"href":"http:\/\/www.projet-decroissance.net\/index.php?rest_route=\/wp\/v2\/users\/2"}],"replies":[{"embeddable":true,"href":"http:\/\/www.projet-decroissance.net\/index.php?rest_route=%2Fwp%2Fv2%2Fcomments&post=68"}],"version-history":[{"count":8,"href":"http:\/\/www.projet-decroissance.net\/index.php?rest_route=\/wp\/v2\/pages\/68\/revisions"}],"predecessor-version":[{"id":102,"href":"http:\/\/www.projet-decroissance.net\/index.php?rest_route=\/wp\/v2\/pages\/68\/revisions\/102"}],"wp:attachment":[{"href":"http:\/\/www.projet-decroissance.net\/index.php?rest_route=%2Fwp%2Fv2%2Fmedia&parent=68"}],"curies":[{"name":"wp","href":"https:\/\/api.w.org\/{rel}","templated":true}]}}